{"id":138,"date":"2017-11-20T15:12:09","date_gmt":"2017-11-20T14:12:09","guid":{"rendered":"http:\/\/www.paulineratze.com\/?page_id=138"},"modified":"2023-08-25T15:14:12","modified_gmt":"2023-08-25T13:14:12","slug":"presentation-2","status":"publish","type":"page","link":"http:\/\/www.paulineratze.com\/es_ES\/","title":{"rendered":"Home"},"content":{"rendered":"<p><span class=\"HwtZe\" lang=\"es\"><span class=\"jCAhz ChMk0b\"><span class=\"ryNqvb\"><br \/>\nTraductora titulada de la Facultad de Traducci\u00f3n e Interpretaci\u00f3n de la Universidad de Ginebra, con m\u00e1s de 10 a\u00f1os de experiencia<\/span><\/span><\/span><\/p>\n<p><span class=\"HwtZe\" lang=\"es\"><span class=\"jCAhz ChMk0b\"><span class=\"ryNqvb\">Tem\u00e1ticas preferidas:<\/span><\/span><\/span><\/p>\n<ul>\n<li style=\"list-style-type: none;\">\n<ul>\n<li><span class=\"HwtZe\" lang=\"es\"><span class=\"jCAhz ChMk0b\"><span class=\"ryNqvb\">TIC (software libre, inclusi\u00f3n digital, desinformaci\u00f3n, descentralizaci\u00f3n web, etc.)<\/span><\/span><\/span><\/li>\n<li><span class=\"HwtZe\" lang=\"es\"><span class=\"jCAhz ChMk0b\"><span class=\"ryNqvb\">Ecolog\u00eda y medio ambiente (transici\u00f3n ecol\u00f3gica, desarrollo sostenible, econom\u00eda circular, etc.)<\/span><\/span><\/span><\/li>\n<li><span class=\"HwtZe\" lang=\"es\"><span class=\"jCAhz ChMk0b\"><span class=\"ryNqvb\">Asociacionismo y activismo (gesti\u00f3n de proyectos, democracia participativa, autogesti\u00f3n, etc.)<\/span><\/span><\/span><\/li>\n<li><span class=\"HwtZe\" lang=\"es\"><span class=\"jCAhz ChMk0b\"><span class=\"ryNqvb\">Paternidad y educaci\u00f3n<\/span><\/span><\/span><\/li>\n<li><span class=\"HwtZe\" lang=\"es\"><span class=\"jCAhz ChMk0b\"><span class=\"ryNqvb\">Juegos (juegos de mesa, ludopedagog\u00ed<\/span><\/span><\/span><span class=\"HwtZe\" lang=\"es\"><span class=\"jCAhz ChMk0b\"><span class=\"ryNqvb\">a, juegos serios, etc.<\/span><\/span><\/span><\/li>\n<\/ul>\n<\/li>\n<li style=\"list-style-type: none;\"><\/li>\n<\/ul>\n","protected":false},"excerpt":{"rendered":"<p><span class=\"HwtZe\" lang=\"es\"><span class=\"jCAhz ChMk0b\"><span class=\"ryNqvb\"><br \/>\nTraductora titulada de la Facultad de Traducci\u00f3n e Interpretaci\u00f3n de la Universidad de Ginebra, con m\u00e1s de 10 a\u00f1os de experiencia<\/span><\/span><\/span><\/p>\n<p><span class=\"HwtZe\"...\n<\/p>\n","protected":false},"author":1,"featured_media":0,"parent":0,"menu_order":0,"comment_status":"closed","ping_status":"closed","template":"","meta":{"_uag_custom_page_level_css":""},"uagb_featured_image_src":{"full":false,"thumbnail":false,"medium":false,"medium_large":false,"large":false,"1536x1536":false,"2048x2048":false,"twentyseventeen-featured-image":false,"twentyseventeen-thumbnail-avatar":false},"uagb_author_info":{"display_name":"pruser","author_link":"http:\/\/www.paulineratze.com\/es_ES\/author\/pruser\/"},"uagb_comment_info":0,"uagb_excerpt":"Traductora titulada de la Facultad de Traducci\u00f3n e Interpretaci\u00f3n de la Universidad de Ginebra, con m\u00e1s de 10 a\u00f1os de experiencia","_links":{"self":[{"href":"http:\/\/www.paulineratze.com\/es_ES\/wp-json\/wp\/v2\/pages\/138"}],"collection":[{"href":"http:\/\/www.paulineratze.com\/es_ES\/wp-json\/wp\/v2\/pages"}],"about":[{"href":"http:\/\/www.paulineratze.com\/es_ES\/wp-json\/wp\/v2\/types\/page"}],"author":[{"embeddable":true,"href":"http:\/\/www.paulineratze.com\/es_ES\/wp-json\/wp\/v2\/users\/1"}],"replies":[{"embeddable":true,"href":"http:\/\/www.paulineratze.com\/es_ES\/wp-json\/wp\/v2\/comments?post=138"}],"version-history":[{"count":56,"href":"http:\/\/www.paulineratze.com\/es_ES\/wp-json\/wp\/v2\/pages\/138\/revisions"}],"predecessor-version":[{"id":244,"href":"http:\/\/www.paulineratze.com\/es_ES\/wp-json\/wp\/v2\/pages\/138\/revisions\/244"}],"wp:attachment":[{"href":"http:\/\/www.paulineratze.com\/es_ES\/wp-json\/wp\/v2\/media?parent=138"}],"curies":[{"name":"wp","href":"https:\/\/api.w.org\/{rel}","templated":true}]}}