{"id":138,"date":"2017-11-20T15:12:09","date_gmt":"2017-11-20T14:12:09","guid":{"rendered":"http:\/\/www.paulineratze.com\/?page_id=138"},"modified":"2023-08-25T15:14:12","modified_gmt":"2023-08-25T13:14:12","slug":"presentation-2","status":"publish","type":"page","link":"http:\/\/www.paulineratze.com\/fr_FR\/","title":{"rendered":"Home"},"content":{"rendered":"\n<p><\/p>\n\n\n\n<p>Traductrice dipl\u00f4m\u00e9e de la Facult\u00e9 de traduction et d&#8217;interpr\u00e9tation de l&#8217;Universit\u00e9 de Gen\u00e8ve, au b\u00e9n\u00e9fice de plus de 10 ans d&#8217;exp\u00e9rience<\/p>\n\n\n\n<p><span style=\"text-decoration: underline;\">Domaines de pr\u00e9dilection :<\/span><\/p>\n\n\n\n<ul>\n<li>TIC (logiciels libres, inclusivit\u00e9 num\u00e9rique, d\u00e9sinformation, d\u00e9centralisation du Web, etc.)<\/li>\n\n\n\n<li>\u00c9cologie et environnement (transition \u00e9cologique, d\u00e9veloppement durable, \u00e9conomie circulaire, etc.)<\/li>\n\n\n\n<li>Milieu associatif et activisme (gestion de projet, d\u00e9mocratie participative, autogestion, etc.)<\/li>\n\n\n\n<li>Parentalit\u00e9, \u00e9ducation<\/li>\n\n\n\n<li>Jeux (jeux de soci\u00e9t\u00e9, ludop\u00e9dagogie, jeux s\u00e9rieux, etc.)<\/li>\n<\/ul>\n\n\n\n<p><\/p>\n","protected":false},"excerpt":{"rendered":"<p><!-- wp:paragraph --><\/p>\n<p><!-- \/wp:paragraph --><\/p>\n<p><!-- wp:paragraph --><\/p>\n<p>Traductrice dipl\u00f4m\u00e9e de la Facult\u00e9 de traduction et d&#8217;interpr\u00e9tation de l&#8217;Universit\u00e9 de Gen\u00e8ve, au b\u00e9n\u00e9fice de plus de 10 ans d&#8217;exp\u00e9rience<\/p>\n<p><!-- \/wp:paragraph --><\/p>\n<p><!--...\n<\/p>\n","protected":false},"author":1,"featured_media":0,"parent":0,"menu_order":0,"comment_status":"closed","ping_status":"closed","template":"","meta":{"_uag_custom_page_level_css":""},"uagb_featured_image_src":{"full":false,"thumbnail":false,"medium":false,"medium_large":false,"large":false,"1536x1536":false,"2048x2048":false,"twentyseventeen-featured-image":false,"twentyseventeen-thumbnail-avatar":false},"uagb_author_info":{"display_name":"pruser","author_link":"http:\/\/www.paulineratze.com\/fr_FR\/author\/pruser\/"},"uagb_comment_info":0,"uagb_excerpt":"Traductrice dipl\u00f4m\u00e9e de la Facult\u00e9 de traduction et d'interpr\u00e9tation de l'Universit\u00e9 de Gen\u00e8ve, au b\u00e9n\u00e9fice de plus de 10 ans d'exp\u00e9rience","_links":{"self":[{"href":"http:\/\/www.paulineratze.com\/fr_FR\/wp-json\/wp\/v2\/pages\/138"}],"collection":[{"href":"http:\/\/www.paulineratze.com\/fr_FR\/wp-json\/wp\/v2\/pages"}],"about":[{"href":"http:\/\/www.paulineratze.com\/fr_FR\/wp-json\/wp\/v2\/types\/page"}],"author":[{"embeddable":true,"href":"http:\/\/www.paulineratze.com\/fr_FR\/wp-json\/wp\/v2\/users\/1"}],"replies":[{"embeddable":true,"href":"http:\/\/www.paulineratze.com\/fr_FR\/wp-json\/wp\/v2\/comments?post=138"}],"version-history":[{"count":56,"href":"http:\/\/www.paulineratze.com\/fr_FR\/wp-json\/wp\/v2\/pages\/138\/revisions"}],"predecessor-version":[{"id":244,"href":"http:\/\/www.paulineratze.com\/fr_FR\/wp-json\/wp\/v2\/pages\/138\/revisions\/244"}],"wp:attachment":[{"href":"http:\/\/www.paulineratze.com\/fr_FR\/wp-json\/wp\/v2\/media?parent=138"}],"curies":[{"name":"wp","href":"https:\/\/api.w.org\/{rel}","templated":true}]}}